{"id":2568,"date":"2025-03-28T16:20:31","date_gmt":"2025-03-28T19:20:31","guid":{"rendered":"https:\/\/censys.com.ar\/?page_id=2568"},"modified":"2025-03-31T08:44:42","modified_gmt":"2025-03-31T11:44:42","slug":"contacto","status":"publish","type":"page","link":"https:\/\/censys.com.ar\/en\/contacto\/","title":{"rendered":"Contact"},"content":{"rendered":"<style type=\"text\/css\" data-created_by=\"avia_inline_auto\" id=\"style-css-av-m8j3hjgt-a69b37d70158360ea48553a9e51513b8\">\n.avia-section.av-m8j3hjgt-a69b37d70158360ea48553a9e51513b8{\nbackground-repeat:no-repeat;\nbackground-image:url(https:\/\/censys.com.ar\/wp-content\/uploads\/2025\/03\/Recurso-19.png);\nbackground-position:50% 0%;\nbackground-attachment:scroll;\n}\n<\/style>\n<div id='av_section_1'  class='avia-section av-m8j3hjgt-a69b37d70158360ea48553a9e51513b8 main_color avia-section-default avia-no-border-styling  avia-builder-el-0  el_before_av_section  avia-builder-el-first  avia-full-stretch avia-bg-style-scroll container_wrap fullsize'  data-section-bg-repeat='stretch'><div class='container av-section-cont-open' ><main  role=\"main\" itemprop=\"mainContentOfPage\"  class='template-page content  av-content-full alpha units'><div class='post-entry post-entry-type-page post-entry-2568'><div class='entry-content-wrapper clearfix'>\n\n<style type=\"text\/css\" data-created_by=\"avia_inline_auto\" id=\"style-css-av-lnynjt0l-7a3b65f05c1ee7b859e11d513eafb9ef\">\n#top .hr.hr-invisible.av-lnynjt0l-7a3b65f05c1ee7b859e11d513eafb9ef{\nheight:50px;\n}\n<\/style>\n<div  class='hr av-lnynjt0l-7a3b65f05c1ee7b859e11d513eafb9ef hr-invisible  avia-builder-el-1  el_before_av_one_fifth  avia-builder-el-first'><span class='hr-inner'><span class=\"hr-inner-style\"><\/span><\/span><\/div>\n<div  class='flex_column av-7kpnmg-e65c3781f9b5dab6e26d907d41908dd8 av_one_fifth  avia-builder-el-2  el_after_av_hr  el_before_av_two_third  first flex_column_div'     ><\/div>\n<style type=\"text\/css\" data-created_by=\"avia_inline_auto\" id=\"style-css-av-14mgnl-59c29d0b095bffd3ae8a318774651143\">\n@keyframes av_boxShadowEffect_av-14mgnl-59c29d0b095bffd3ae8a318774651143-column {\n0%   { box-shadow:  0 0 0 0 #ffffff; opacity: 1; }\n100% { box-shadow:  0 0 10px 0 #ffffff; opacity: 1; }\n}\n.flex_column.av-14mgnl-59c29d0b095bffd3ae8a318774651143{\nbox-shadow: 0 0 10px 0 #ffffff;\nborder-radius:0px 0px 0px 0px;\npadding:30px 30px 30px 30px;\nbackground-color:#fcfcfc;\n}\n<\/style>\n<div  class='flex_column av-14mgnl-59c29d0b095bffd3ae8a318774651143 av_two_third  avia-builder-el-3  el_after_av_one_fifth  el_before_av_hr  flex_column_div shadow-not-animated'     ><p>\n<style type=\"text\/css\" data-created_by=\"avia_inline_auto\" id=\"style-css-av-lnyngvl5-3-92f646295a2d3ef5f3249d2ab40e1dfb\">\n#top .hr.hr-invisible.av-lnyngvl5-3-92f646295a2d3ef5f3249d2ab40e1dfb{\nheight:30px;\n}\n<\/style>\n<div  class='hr av-lnyngvl5-3-92f646295a2d3ef5f3249d2ab40e1dfb hr-invisible  avia-builder-el-4  el_before_av_textblock  avia-builder-el-first'><span class='hr-inner'><span class=\"hr-inner-style\"><\/span><\/span><\/div><br \/>\n\n<style type=\"text\/css\" data-created_by=\"avia_inline_auto\" id=\"style-css-av-m8j55o42-031b4dd3978d8bbd59192e6c7a9e1b30\">\n#top .av_textblock_section.av-m8j55o42-031b4dd3978d8bbd59192e6c7a9e1b30 .avia_textblock{\nfont-size:30px;\ncolor:#102b51;\n}\n<\/style>\n<section  class='av_textblock_section av-m8j55o42-031b4dd3978d8bbd59192e6c7a9e1b30'   itemscope=\"itemscope\" itemtype=\"https:\/\/schema.org\/CreativeWork\" ><div class='avia_textblock av_inherit_color'  itemprop=\"text\" ><h3 style=\"text-align: center;\"><strong>Contact us today and discover how we can elevate your financial business to the next level<\/strong><\/h3>\n<\/div><\/section><br \/>\n\n<style type=\"text\/css\" data-created_by=\"avia_inline_auto\" id=\"style-css-av-69y220-0dce752ebad48fc47e30cf79c637946f\">\n#top .hr.hr-invisible.av-69y220-0dce752ebad48fc47e30cf79c637946f{\nheight:20px;\n}\n<\/style>\n<div  class='hr av-69y220-0dce752ebad48fc47e30cf79c637946f hr-invisible  avia-builder-el-6  el_after_av_textblock  el_before_av_textblock'><span class='hr-inner'><span class=\"hr-inner-style\"><\/span><\/span><\/div><br \/>\n\n<style type=\"text\/css\" data-created_by=\"avia_inline_auto\" id=\"style-css-av-m8j58823-f229a4d5960c05a32a362c689de3b703\">\n#top .av_textblock_section.av-m8j58823-f229a4d5960c05a32a362c689de3b703 .avia_textblock{\nfont-size:40px;\ncolor:#00a99d;\n}\n<\/style>\n<section  class='av_textblock_section av-m8j58823-f229a4d5960c05a32a362c689de3b703'   itemscope=\"itemscope\" itemtype=\"https:\/\/schema.org\/CreativeWork\" ><div class='avia_textblock av_inherit_color'  itemprop=\"text\" ><h3 style=\"text-align: center;\">A new future starts here!<\/h3>\n<\/div><\/section><br \/>\n\n<style type=\"text\/css\" data-created_by=\"avia_inline_auto\" id=\"style-css-av-4ssovs-849386ec00ba5917d44f6cad54b7992e\">\n#top .hr.hr-invisible.av-4ssovs-849386ec00ba5917d44f6cad54b7992e{\nheight:30px;\n}\n<\/style>\n<div  class='hr av-4ssovs-849386ec00ba5917d44f6cad54b7992e hr-invisible  avia-builder-el-8  el_after_av_textblock  el_before_av_contact'><span class='hr-inner'><span class=\"hr-inner-style\"><\/span><\/span><\/div><br \/>\n<form action=\"https:\/\/censys.com.ar\/en\/contacto\/\" method=\"post\" data-fields-with-error=\"Found errors in the following field(s):\" class=\"avia_ajax_form av-form-labels-hidden   avia-builder-el-9  el_after_av_hr  avia-builder-el-last\" data-avia-form-id=\"1\" data-avia-redirect='' data-trp-original-action=\"https:\/\/censys.com.ar\/en\/contacto\/\" ><fieldset><p class='first_form  form_element form_fullwidth' id='element_avia_1_1'><label for=\"avia_1_1\">Nombre <abbr class=\"required\" title=\"required\">*<\/abbr><\/label> <input name=\"avia_1_1\" class=\"text_input is_empty\" type=\"text\" id=\"avia_1_1\" value=\"\"  placeholder='First Name*'\/><\/p><p class='first_form  form_element form_fullwidth' id='element_avia_2_1'><label for=\"avia_2_1\">Apellido <abbr class=\"required\" title=\"required\">*<\/abbr><\/label> <input name=\"avia_2_1\" class=\"text_input is_empty\" type=\"text\" id=\"avia_2_1\" value=\"\"  placeholder='Last Name*'\/><\/p><p class='first_form  form_element form_fullwidth' id='element_avia_3_1'><label for=\"avia_3_1\">Mail <abbr class=\"required\" title=\"required\">*<\/abbr><\/label> <input name=\"avia_3_1\" class=\"text_input is_email\" type=\"text\" id=\"avia_3_1\" value=\"\"  placeholder='Mail*'\/><\/p><p class='first_form  form_element form_fullwidth' id='element_avia_4_1'><label for=\"avia_4_1\">Empresa <abbr class=\"required\" title=\"required\">*<\/abbr><\/label> <input name=\"avia_4_1\" class=\"text_input is_empty\" type=\"text\" id=\"avia_4_1\" value=\"\"  placeholder='Company*'\/><\/p><p class='first_form  form_element form_fullwidth' id='element_avia_5_1'><label for=\"avia_5_1\">Cargo <abbr class=\"required\" title=\"required\">*<\/abbr><\/label> <input name=\"avia_5_1\" class=\"text_input is_empty\" type=\"text\" id=\"avia_5_1\" value=\"\"  placeholder='Position*'\/><\/p><p class='first_form  form_element form_fullwidth' id='element_avia_7_1'><label for=\"avia_7_1\" class=\"textare_label hidden textare_label_avia_7_1\">Consulta <abbr class=\"required\" title=\"required\">*<\/abbr><\/label><textarea  placeholder='Write a message' name=\"avia_7_1\" class=\"text_area is_empty\" cols=\"40\" rows=\"7\" id=\"avia_7_1\" ><\/textarea><\/p><p class=\"hidden\"><input type=\"text\" name=\"avia_8_1\" class=\"hidden\" id=\"avia_8_1\" value=\"\" \/><\/p><div id='avia_9_1' class='av-recaptcha-area  first_form  form_element form_fullwidth'  data-container_class=\"\" data-custom_class=\"\" data-context=\"av_contact_form\" data-token_input=\"av_recaptcha_token\" data-version=\"avia_recaptcha_v2\" data-theme=\"light\" data-size=\"normal\" data-score=\"0.5\" data-text_to_preview=\"\" data-value=\"\"><div class=\"av-google-badge-message hidden\">This site is protected by reCAPTCHA and the Google <a href=\"https:\/\/policies.google.com\/privacy\">Privacy Policy<\/a> and <a href=\"https:\/\/policies.google.com\/terms\">Terms of Service<\/a> apply.<\/div><\/div><p class=\"form_element\"><input type=\"hidden\" value=\"1\" name=\"avia_generated_form1\" \/><input type=\"submit\" value=\"Send\" class=\"button\"  data-sending-label=\"Sending\"\/><\/p><\/fieldset><div class=\"avia-disabled-form\">This contact form is deactivated because you refused to accept Google reCaptcha service which is necessary to validate any messages sent by the form.<\/div><input type=\"hidden\" name=\"trp-form-language\" value=\"en\"\/><\/form><div id=\"ajaxresponse_1\" class=\"ajaxresponse ajaxresponse_1 hidden\"><\/div><\/p><\/div>\n<style type=\"text\/css\" data-created_by=\"avia_inline_auto\" id=\"style-css-av-lnynglnl-1-49b80cba3934728faf26796b525909db\">\n#top .hr.hr-invisible.av-lnynglnl-1-49b80cba3934728faf26796b525909db{\nheight:50px;\n}\n<\/style>\n<div  class='hr av-lnynglnl-1-49b80cba3934728faf26796b525909db hr-invisible  avia-builder-el-10  el_after_av_two_third  avia-builder-el-last'><span class='hr-inner'><span class=\"hr-inner-style\"><\/span><\/span><\/div>\n<\/div><\/div><\/main><!-- close content main element --><\/div><\/div><div id='av_section_2'  class='avia-section av-9yt69-4d2f6836294fb8e84abd7e5d65d62dfc main_color avia-section-default avia-no-border-styling  avia-builder-el-11  el_after_av_section  avia-builder-el-last  avia-bg-style-scroll container_wrap fullsize'  ><div class='container av-section-cont-open' ><div class='template-page content  av-content-full alpha units'><div class='post-entry post-entry-type-page post-entry-2568'><div class='entry-content-wrapper clearfix'>\n<div  class='flex_column av-2lkjew-860a9891ba65f386db0e049dd9c57676 av_one_third  avia-builder-el-12  el_before_av_three_fifth  avia-builder-el-first  first flex_column_div'     ><p>\n<style type=\"text\/css\" data-created_by=\"avia_inline_auto\" id=\"style-css-av-m8j45u76-7d524e2364213507a1d0a583123977c6\">\n#top .hr.hr-invisible.av-m8j45u76-7d524e2364213507a1d0a583123977c6{\nheight:140px;\n}\n<\/style>\n<div  class='hr av-m8j45u76-7d524e2364213507a1d0a583123977c6 hr-invisible  avia-builder-el-13  el_before_av_textblock  avia-builder-el-first'><span class='hr-inner'><span class=\"hr-inner-style\"><\/span><\/span><\/div><br \/>\n\n<style type=\"text\/css\" data-created_by=\"avia_inline_auto\" id=\"style-css-av-m8j42e77-a219a62ebbfb3ca5d58089abae9734ae\">\n#top .av_textblock_section.av-m8j42e77-a219a62ebbfb3ca5d58089abae9734ae .avia_textblock{\ncolor:#00a99d;\n}\n<\/style>\n<section  class='av_textblock_section av-m8j42e77-a219a62ebbfb3ca5d58089abae9734ae'   itemscope=\"itemscope\" itemtype=\"https:\/\/schema.org\/CreativeWork\" ><div class='avia_textblock av_inherit_color'  itemprop=\"text\" ><h3 style=\"text-align: right;\"><strong>OUR OFFICES<\/strong><\/h3>\n<\/div><\/section><br \/>\n\n<style type=\"text\/css\" data-created_by=\"avia_inline_auto\" id=\"style-css-av-2vgjrs-b2b1cce36299fc563558bea46e30dda3\">\n#top .av_textblock_section.av-2vgjrs-b2b1cce36299fc563558bea46e30dda3 .avia_textblock{\ncolor:#666666;\n}\n<\/style>\n<section  class='av_textblock_section av-2vgjrs-b2b1cce36299fc563558bea46e30dda3'   itemscope=\"itemscope\" itemtype=\"https:\/\/schema.org\/CreativeWork\" ><div class='avia_textblock av_inherit_color'  itemprop=\"text\" ><p style=\"text-align: right;\">Av. Juan Domingo Per\u00f3n 2300<br \/>\nYerba Buena, Tucum\u00e1n (T4107)<\/p>\n<p style=\"text-align: right;\">Phone: (+54 381) 485-6132<\/p>\n<\/div><\/section><\/p><\/div>\n<style type=\"text\/css\" data-created_by=\"avia_inline_auto\" id=\"style-css-av-8v1uh-dea0d53721ab07f194ca77182d723177\">\n.flex_column.av-8v1uh-dea0d53721ab07f194ca77182d723177{\nborder-radius:0px 0px 0px 0px;\npadding:0px 0px 0px 0px;\n}\n<\/style>\n<div  class='flex_column av-8v1uh-dea0d53721ab07f194ca77182d723177 av_three_fifth  avia-builder-el-16  el_after_av_one_third  avia-builder-el-last  flex_column_div av-zero-column-padding'     ><p>\n<style type=\"text\/css\" data-created_by=\"avia_inline_auto\" id=\"style-css-av-29rars-accb968b030b2076c1d07e6303c3c438\">\n#top .hr.hr-invisible.av-29rars-accb968b030b2076c1d07e6303c3c438{\nheight:30px;\n}\n<\/style>\n<div  class='hr av-29rars-accb968b030b2076c1d07e6303c3c438 hr-invisible  avia-builder-el-17  el_before_av_codeblock  avia-builder-el-first'><span class='hr-inner'><span class=\"hr-inner-style\"><\/span><\/span><\/div><br \/>\n<\/p><\/div>\n<\/p>","protected":false},"excerpt":{"rendered":"","protected":false},"author":3,"featured_media":0,"parent":0,"menu_order":0,"comment_status":"closed","ping_status":"closed","template":"","meta":{"footnotes":""},"class_list":["post-2568","page","type-page","status-publish","hentry"],"yoast_head":"<!-- This site is optimized with the Yoast SEO plugin v27.4 - https:\/\/yoast.com\/product\/yoast-seo-wordpress\/ -->\n<title>Contacto | Censys<\/title>\n<meta name=\"description\" content=\"\u00bfQuer\u00e9s saber m\u00e1s? Dejanos tu consulta y nos contactaremos a la brevedad. La soluci\u00f3n para bancos y fintech. Descubrinos.\" \/>\n<meta name=\"robots\" content=\"index, follow, max-snippet:-1, max-image-preview:large, max-video-preview:-1\" \/>\n<link rel=\"canonical\" href=\"https:\/\/censys.com.ar\/en\/contacto\/\" \/>\n<meta property=\"og:locale\" content=\"en_US\" \/>\n<meta property=\"og:type\" content=\"article\" \/>\n<meta property=\"og:title\" content=\"Contacto | Censys\" \/>\n<meta property=\"og:description\" content=\"\u00bfQuer\u00e9s saber m\u00e1s? Dejanos tu consulta y nos contactaremos a la brevedad. La soluci\u00f3n para bancos y fintech. Descubrinos.\" \/>\n<meta property=\"og:url\" content=\"https:\/\/censys.com.ar\/en\/contacto\/\" \/>\n<meta property=\"og:site_name\" content=\"Censys\" \/>\n<meta property=\"article:publisher\" content=\"https:\/\/www.facebook.com\/CensysArgentina\/\" \/>\n<meta property=\"article:modified_time\" content=\"2025-03-31T11:44:42+00:00\" \/>\n<meta property=\"og:image\" content=\"https:\/\/censys.com.ar\/wp-content\/uploads\/2023\/10\/Miniatura.png\" \/>\n\t<meta property=\"og:image:width\" content=\"1200\" \/>\n\t<meta property=\"og:image:height\" content=\"675\" \/>\n\t<meta property=\"og:image:type\" content=\"image\/png\" \/>\n<meta name=\"twitter:card\" content=\"summary_large_image\" \/>\n<meta name=\"twitter:label1\" content=\"Est. reading time\" \/>\n\t<meta name=\"twitter:data1\" content=\"1 minute\" \/>\n<script type=\"application\/ld+json\" class=\"yoast-schema-graph\">{\"@context\":\"https:\\\/\\\/schema.org\",\"@graph\":[{\"@type\":\"WebPage\",\"@id\":\"https:\\\/\\\/censys.com.ar\\\/contacto\\\/\",\"url\":\"https:\\\/\\\/censys.com.ar\\\/contacto\\\/\",\"name\":\"Contacto | Censys\",\"isPartOf\":{\"@id\":\"https:\\\/\\\/censys.com.ar\\\/#website\"},\"datePublished\":\"2025-03-28T19:20:31+00:00\",\"dateModified\":\"2025-03-31T11:44:42+00:00\",\"description\":\"\u00bfQuer\u00e9s saber m\u00e1s? Dejanos tu consulta y nos contactaremos a la brevedad. La soluci\u00f3n para bancos y fintech. Descubrinos.\",\"breadcrumb\":{\"@id\":\"https:\\\/\\\/censys.com.ar\\\/contacto\\\/#breadcrumb\"},\"inLanguage\":\"en-US\",\"potentialAction\":[{\"@type\":\"ReadAction\",\"target\":[\"https:\\\/\\\/censys.com.ar\\\/contacto\\\/\"]}]},{\"@type\":\"BreadcrumbList\",\"@id\":\"https:\\\/\\\/censys.com.ar\\\/contacto\\\/#breadcrumb\",\"itemListElement\":[{\"@type\":\"ListItem\",\"position\":1,\"name\":\"Inicio\",\"item\":\"https:\\\/\\\/censys.com.ar\\\/inicio\\\/\"},{\"@type\":\"ListItem\",\"position\":2,\"name\":\"Contacto\"}]},{\"@type\":\"WebSite\",\"@id\":\"https:\\\/\\\/censys.com.ar\\\/#website\",\"url\":\"https:\\\/\\\/censys.com.ar\\\/\",\"name\":\"Censys\",\"description\":\"Core Bancario + Soluci\u00f3n Digital para su negocio financiero\",\"publisher\":{\"@id\":\"https:\\\/\\\/censys.com.ar\\\/#organization\"},\"potentialAction\":[{\"@type\":\"SearchAction\",\"target\":{\"@type\":\"EntryPoint\",\"urlTemplate\":\"https:\\\/\\\/censys.com.ar\\\/?s={search_term_string}\"},\"query-input\":{\"@type\":\"PropertyValueSpecification\",\"valueRequired\":true,\"valueName\":\"search_term_string\"}}],\"inLanguage\":\"en-US\"},{\"@type\":\"Organization\",\"@id\":\"https:\\\/\\\/censys.com.ar\\\/#organization\",\"name\":\"Censys\",\"url\":\"https:\\\/\\\/censys.com.ar\\\/\",\"logo\":{\"@type\":\"ImageObject\",\"inLanguage\":\"en-US\",\"@id\":\"https:\\\/\\\/censys.com.ar\\\/#\\\/schema\\\/logo\\\/image\\\/\",\"url\":\"https:\\\/\\\/censys.com.ar\\\/wp-content\\\/uploads\\\/2023\\\/10\\\/censys-logo.png\",\"contentUrl\":\"https:\\\/\\\/censys.com.ar\\\/wp-content\\\/uploads\\\/2023\\\/10\\\/censys-logo.png\",\"width\":220,\"height\":60,\"caption\":\"Censys\"},\"image\":{\"@id\":\"https:\\\/\\\/censys.com.ar\\\/#\\\/schema\\\/logo\\\/image\\\/\"},\"sameAs\":[\"https:\\\/\\\/www.facebook.com\\\/CensysArgentina\\\/\",\"https:\\\/\\\/www.instagram.com\\\/censys_\",\"https:\\\/\\\/www.linkedin.com\\\/company\\\/censys-sa\"]}]}<\/script>\n<!-- \/ Yoast SEO plugin. -->","yoast_head_json":{"title":"Contacto | Censys","description":"\u00bfQuer\u00e9s saber m\u00e1s? Dejanos tu consulta y nos contactaremos a la brevedad. La soluci\u00f3n para bancos y fintech. Descubrinos.","robots":{"index":"index","follow":"follow","max-snippet":"max-snippet:-1","max-image-preview":"max-image-preview:large","max-video-preview":"max-video-preview:-1"},"canonical":"https:\/\/censys.com.ar\/en\/contacto\/","og_locale":"en_US","og_type":"article","og_title":"Contacto | Censys","og_description":"\u00bfQuer\u00e9s saber m\u00e1s? Dejanos tu consulta y nos contactaremos a la brevedad. La soluci\u00f3n para bancos y fintech. Descubrinos.","og_url":"https:\/\/censys.com.ar\/en\/contacto\/","og_site_name":"Censys","article_publisher":"https:\/\/www.facebook.com\/CensysArgentina\/","article_modified_time":"2025-03-31T11:44:42+00:00","og_image":[{"width":1200,"height":675,"url":"https:\/\/censys.com.ar\/wp-content\/uploads\/2023\/10\/Miniatura.png","type":"image\/png"}],"twitter_card":"summary_large_image","twitter_misc":{"Est. reading time":"1 minute"},"schema":{"@context":"https:\/\/schema.org","@graph":[{"@type":"WebPage","@id":"https:\/\/censys.com.ar\/contacto\/","url":"https:\/\/censys.com.ar\/contacto\/","name":"Contacto | Censys","isPartOf":{"@id":"https:\/\/censys.com.ar\/#website"},"datePublished":"2025-03-28T19:20:31+00:00","dateModified":"2025-03-31T11:44:42+00:00","description":"\u00bfQuer\u00e9s saber m\u00e1s? Dejanos tu consulta y nos contactaremos a la brevedad. La soluci\u00f3n para bancos y fintech. Descubrinos.","breadcrumb":{"@id":"https:\/\/censys.com.ar\/contacto\/#breadcrumb"},"inLanguage":"en-US","potentialAction":[{"@type":"ReadAction","target":["https:\/\/censys.com.ar\/contacto\/"]}]},{"@type":"BreadcrumbList","@id":"https:\/\/censys.com.ar\/contacto\/#breadcrumb","itemListElement":[{"@type":"ListItem","position":1,"name":"Inicio","item":"https:\/\/censys.com.ar\/inicio\/"},{"@type":"ListItem","position":2,"name":"Contacto"}]},{"@type":"WebSite","@id":"https:\/\/censys.com.ar\/#website","url":"https:\/\/censys.com.ar\/","name":"Censys","description":"Core Bancario + Soluci\u00f3n Digital para su negocio financiero","publisher":{"@id":"https:\/\/censys.com.ar\/#organization"},"potentialAction":[{"@type":"SearchAction","target":{"@type":"EntryPoint","urlTemplate":"https:\/\/censys.com.ar\/?s={search_term_string}"},"query-input":{"@type":"PropertyValueSpecification","valueRequired":true,"valueName":"search_term_string"}}],"inLanguage":"en-US"},{"@type":"Organization","@id":"https:\/\/censys.com.ar\/#organization","name":"Censys","url":"https:\/\/censys.com.ar\/","logo":{"@type":"ImageObject","inLanguage":"en-US","@id":"https:\/\/censys.com.ar\/#\/schema\/logo\/image\/","url":"https:\/\/censys.com.ar\/wp-content\/uploads\/2023\/10\/censys-logo.png","contentUrl":"https:\/\/censys.com.ar\/wp-content\/uploads\/2023\/10\/censys-logo.png","width":220,"height":60,"caption":"Censys"},"image":{"@id":"https:\/\/censys.com.ar\/#\/schema\/logo\/image\/"},"sameAs":["https:\/\/www.facebook.com\/CensysArgentina\/","https:\/\/www.instagram.com\/censys_","https:\/\/www.linkedin.com\/company\/censys-sa"]}]}},"_links":{"self":[{"href":"https:\/\/censys.com.ar\/en\/wp-json\/wp\/v2\/pages\/2568","targetHints":{"allow":["GET"]}}],"collection":[{"href":"https:\/\/censys.com.ar\/en\/wp-json\/wp\/v2\/pages"}],"about":[{"href":"https:\/\/censys.com.ar\/en\/wp-json\/wp\/v2\/types\/page"}],"author":[{"embeddable":true,"href":"https:\/\/censys.com.ar\/en\/wp-json\/wp\/v2\/users\/3"}],"replies":[{"embeddable":true,"href":"https:\/\/censys.com.ar\/en\/wp-json\/wp\/v2\/comments?post=2568"}],"version-history":[{"count":40,"href":"https:\/\/censys.com.ar\/en\/wp-json\/wp\/v2\/pages\/2568\/revisions"}],"predecessor-version":[{"id":2762,"href":"https:\/\/censys.com.ar\/en\/wp-json\/wp\/v2\/pages\/2568\/revisions\/2762"}],"wp:attachment":[{"href":"https:\/\/censys.com.ar\/en\/wp-json\/wp\/v2\/media?parent=2568"}],"curies":[{"name":"wp","href":"https:\/\/api.w.org\/{rel}","templated":true}]}}